{"id":8488,"date":"2026-01-15T17:11:46","date_gmt":"2026-01-15T17:11:46","guid":{"rendered":"https:\/\/www.mrplusfm.net\/?page_id=8488"},"modified":"2026-01-24T23:26:58","modified_gmt":"2026-01-24T23:26:58","slug":"um_r-lecture-texts","status":"publish","type":"page","link":"https:\/\/www.mrplusfm.net\/?page_id=8488","title":{"rendered":"<span class=\"ant1\">) uM_R<\/span> Lecture Texts"},"content":{"rendered":"<p>&nbsp;<\/p>\n<p class=\"space\">From <span style=\"font-size: 3em;\"><b>A<\/b><\/span>&#8230;&#8230;&#8230;<\/p>\n<p class=\"space\">From <b>Black<\/b> to <b>Rose<\/b> to <b>Thickening red<\/b> &#8230;<br \/>\nI am <b>\u201cThe ONE<\/b> who left to teach himself fear\u201d<br \/>\nThe Fear of Love The Fear of Loss The Fear of Life The Fear of Death.<\/p>\n<p class=\"space\"><span style=\"font-size: 3em;\"><b>1 2 3 4 5<\/b><\/span><br \/>\nIf I love I die &nbsp;&nbsp; If I die I love<br \/>\nDying<br \/>\nDie away <span style=\"margin-left: 2%;\">Die back<\/span> <span style=\"margin-left: 2%;\">Die down<\/span> <span style=\"margin-left: 2%;\">Die off<\/span><span style=\"margin-left: 2%;\">Die out<\/span><span style=\"margin-left: 2%;\">The dice is cast<\/span><span style=\"margin-left: 2%;\">To die from<\/span> <span style=\"margin-left: 2%;\">To die a violent death<\/span><span style=\"margin-left: 2%;\"> To die laughing <\/span><span style=\"margin-left: 2%;\">Dying to sleep<\/span><span style=\"margin-left: 2%;\">To die of boredom<\/span><span style=\"margin-left: 2%;\"> To die game<\/span> <span style=\"margin-left: 2%;\">To die hard<\/span><span style=\"margin-left: 2%;\"> Never say die<\/span><span style=\"margin-left: 2%;\"> To be dying for<\/span><span style=\"margin-left: 2%;\"> To be dying to<\/span><\/br><br \/>\n<b>Mort<br \/>\n<span style=\"margin-left: 5%;\">Morbid<\/span><br \/>\n<span style=\"margin-left: 10%;\">Moratorium<\/span><br \/>\n<span style=\"margin-left: 15%;\">Mortal<\/span><br \/>\n<span style=\"margin-left: 20%;\">Mortal agony<\/span><br \/>\n<span style=\"margin-left: 25%;\">Mortal hour<\/span><br \/>\n<span style=\"margin-left: 30%;\">Mortal sin<\/span><br \/>\n<span style=\"margin-left: 35%;\">Mortal life<\/span><br \/>\n<span style=\"margin-left: 40%;\">Mortification<\/span><br \/>\n<span style=\"margin-left: 45%;\">Mortify.<\/span><\/b><\/p>\n<p>&nbsp;<\/p>\n<p class=\"space\">To <span style=\"font-size: 3em;\"><b>B<\/b><\/span>&#8230;&#8230;&#8230;.<\/p>\n<p class=\"space\">Green Blue Turquoise Blue<br \/>\nHow much I need to see the sea!<\/p>\n<p style=\"margin-left: 30%;\">V\u00e2rai V\u00e2rai V\u00e2rai<br \/>\nBuzesti V\u00e2rai Coas<br \/>\nCiocotis Coas V\u00e2rai<br \/>\nSacalaseni V\u00e2rai Baja Mare Draghia<br \/>\nCois<br \/>\nCois Cois<br \/>\nAspra R\u00e2zoare Baia Sprie<br \/>\nCois Buzesti Dealul Corbului<\/p>\n<p class=\"space\">In a world of layered perception, I sleepwalk through a Mosaic of Song lines&#8230;<br \/>\nDREAMING the paths across the water, land and sky&#8230;<br \/>\nNAVIGATING its distance&#8230;<br \/>\nMARKING THE ROUTE OF DREAMING by taking in the dreaming mind, the intellect and the physical body&#8230;<br \/>\n&#8230;I LEFT THE ONE WHO KNEW&#8230;<br \/>\n&#8230;BECAME THE ONE WHO HAD TO FORGET&#8230;<br \/>\n&#8230;To venture into the Unknown&#8230;<br \/>\n&#8230;To inherit the ephemeral qualities of silence and memory.<\/p>\n<p>&nbsp;<\/p>\n<p class=\"space\">To <span style=\"font-size: 3em;\"><b>C<\/b><\/span>&#8230;&#8230;&#8230;.<\/p>\n<p class=\"space\"><span style=\"font-size: 25px;\"><b>Why do leaves exhale the green so green as green is &#8230;<\/b><\/span><br \/>\n<span style=\"margin-left: 12%; font-size: 23px;\">blue<\/span> <span style=\"margin-left: 3%; font-size: 30px;\">green<\/span> <span style=\"margin-left: 3%; font-size: 23px;\">red<\/span><br \/>\n<span style=\"font-size: 30px; margin-left: 6%;\">purple<\/span> <span style=\"margin-left: 3%; font-size: 30px;\">red<\/span> <span style=\"margin-left: 3%; font-size: 30px;\">red<\/span> <span style=\"margin-left: 3%; font-size: 30px;\">green<\/span><br \/>\n<span style=\"font-size: 30px; margin-left: -3%;\">turquoise blue<\/span> <span style=\"margin-left: 3%; font-size: 30px;\">green<\/span> <span style=\"margin-left: 3%; font-size: 30px;\">orange<\/span> <span style=\"margin-left: 3%; font-size: 30px;\">blood red<\/span><br \/>\n<span style=\"margin-left: 18%; font-size: 23px;\">grey<\/span><br \/>\n<span style=\"margin-left: 5%; font-size: 30px;\">grey<\/span><span style=\"margin-left: 23%; font-size: 30px;\"> grey<\/span><br \/>\n<span style=\"margin-left: 3%; font-size: 23px;\">black<\/span> <span style=\"margin-left: 9%; font-size: 23px;\">rose<\/span> <span style=\"margin-left: 9%; font-size: 23px;\">thickening red<\/span><br \/>\n<span style=\"margin-left: -3%; font-size: 25px;\">grey<\/span> <span style=\"margin-left: 9%; font-size: 25px;\">blue<\/span> <span style=\"margin-left: 9%; font-size: 25px;\">orange<\/span> <span style=\"margin-left: 12%; font-size: 25px;\">red<\/span><br \/>\n<span style=\"margin-left: 17%; font-size: 21px;\">grey<\/span><br \/>\n<span style=\"margin-left: 6%; color: gray; font-size: 24px;\"><b>How much I need to see the sea!<\/b><\/span><\/p>\n<p class=\"space\" style=\"margin-left: 5%;\">Dramaturgy gives the performance a structure, a sub-structure as well as a reference to the Zeitgeist.<\/p>\n<p class=\"space\" style=\"margin-left: 5%;\">Poetry and Painting, each has its own character, Poetry is extended in time, Painting is extended in space.<br \/>\n<span style=\"margin-left: 45%;\">(G. Ephraim Lessing)<\/span><\/p>\n<p>&nbsp;<\/p>\n<p class=\"space\">And <span style=\"font-size: 3em;\"><b>Z<\/b><\/span>&#8230;&#8230;&#8230;.<\/p>\n<p class=\"space\">Red Purple Red<\/p>\n<p class=\"space\">Driven by the urgent need to break free, to nourish my creative forces,<br \/>\nI CULTIVATE my OWN GARDEN to CREATE a SMALL RESTING PLACE in a BETTER WORLD&#8230;<br \/>\nOrange Blood Red Grey<br \/>\n&#8230;Whilst Contemplating THE STILL and THE BEAUTIFUL<br \/>\nBlue Orange Red &#8230;My Quest, my Antidote<br \/>\n&#8230;Perhaps, the Great Quest for TRUTH, FREEDOM, MEANING, KNOWLEDGE, IDENTITY, HAPPINESS, SALVATION?<br \/>\nI believe<br \/>\nART IS AN OPEN SYSTEM THAT SUSTAINS THE FLOW OF OXYGEN, AND HEALS AND TRANSFORMS&#8230;Its purpose is to open up to the DEEPER MEANING OF LIFE!<\/p>\n","protected":false},"excerpt":{"rendered":"<p>&nbsp; From A&#8230;&#8230;&#8230; From Black to Rose to Thickening red &#8230; I am \u201cThe ONE who left to teach himself fear\u201d The Fear of Love The Fear of Loss The Fear of Life The Fear of Death. 1 2 3 4 5 If I love I die &nbsp;&nbsp; If I die I love Dying Die [&hellip;]<\/p>\n","protected":false},"author":1,"featured_media":0,"parent":0,"menu_order":0,"comment_status":"closed","ping_status":"closed","template":"","meta":{"ngg_post_thumbnail":0,"footnotes":""},"class_list":["post-8488","page","type-page","status-publish","hentry","entry"],"_links":{"self":[{"href":"https:\/\/www.mrplusfm.net\/index.php?rest_route=\/wp\/v2\/pages\/8488","targetHints":{"allow":["GET"]}}],"collection":[{"href":"https:\/\/www.mrplusfm.net\/index.php?rest_route=\/wp\/v2\/pages"}],"about":[{"href":"https:\/\/www.mrplusfm.net\/index.php?rest_route=\/wp\/v2\/types\/page"}],"author":[{"embeddable":true,"href":"https:\/\/www.mrplusfm.net\/index.php?rest_route=\/wp\/v2\/users\/1"}],"replies":[{"embeddable":true,"href":"https:\/\/www.mrplusfm.net\/index.php?rest_route=%2Fwp%2Fv2%2Fcomments&post=8488"}],"version-history":[{"count":93,"href":"https:\/\/www.mrplusfm.net\/index.php?rest_route=\/wp\/v2\/pages\/8488\/revisions"}],"predecessor-version":[{"id":8766,"href":"https:\/\/www.mrplusfm.net\/index.php?rest_route=\/wp\/v2\/pages\/8488\/revisions\/8766"}],"wp:attachment":[{"href":"https:\/\/www.mrplusfm.net\/index.php?rest_route=%2Fwp%2Fv2%2Fmedia&parent=8488"}],"curies":[{"name":"wp","href":"https:\/\/api.w.org\/{rel}","templated":true}]}}