{"id":7400,"date":"2024-03-21T22:57:42","date_gmt":"2024-03-21T22:57:42","guid":{"rendered":"https:\/\/www.mrplusfm.net\/?page_id=7400"},"modified":"2024-04-08T11:56:07","modified_gmt":"2024-04-08T10:56:07","slug":"autumn-blau-braun-gelb-1991-um_r","status":"publish","type":"page","link":"https:\/\/www.mrplusfm.net\/?page_id=7400","title":{"rendered":"Autumn Blau, Braun, Gelb \u00a91991\u00a0 ) uM_R"},"content":{"rendered":"<div style=\"margin-left:10%; margin-right:10%; margin-top:3%;\">\n<p><a href=\"https:\/\/www.mrplusfm.net\/wp-content\/uploads\/2024\/03\/zeit.png\"><img decoding=\"async\" class=\"aligncenter size-full wp-image-7776 lazyload\" data-src=\"https:\/\/www.mrplusfm.net\/wp-content\/uploads\/2024\/03\/zeit.png\" alt=\"\" width=\"74%\" data-srcset=\"https:\/\/www.mrplusfm.net\/wp-content\/uploads\/2024\/03\/zeit.png 1600w, https:\/\/www.mrplusfm.net\/wp-content\/uploads\/2024\/03\/zeit-1536x1152.png 1536w\" data-sizes=\"(max-width: 1600px) 100vw, 1600px\" src=\"data:image\/svg+xml;base64,PHN2ZyB3aWR0aD0iMSIgaGVpZ2h0PSIxIiB4bWxucz0iaHR0cDovL3d3dy53My5vcmcvMjAwMC9zdmciPjwvc3ZnPg==\" style=\"--smush-placeholder-width: 1600px; --smush-placeholder-aspect-ratio: 1600\/1200;\" \/><\/a><\/div>\n<div style=\"margin-left:10%; margin-right:10%; margin-top:3%;\">\n<span style=\"color: blue;\"><strong>Autumn Blau<\/strong><\/span><br \/>\nWir haben Zeit.<br \/>\nEin Mal. Wenn es notwendig ist, zweimal im Jahr.<br \/>\nWir haben genug Zeit uns \u201cAuf Wiedersehen\u201d zu sagen.<br \/>\nWir nehmen die Zeit uns beide im Ratespiel zu schlagen.<br \/>\nDie Zeit l\u00e4sst unsere K\u00fcsse fallen, nur das zeitliche Moment sichtet unsere Ber\u00fchrung.<br \/>\nAb einer gewissen Zeit hatte ich dein Alter erreicht, ein erl\u00f6sende Moment.<br \/>\nZeitweise erw\u00e4hnst du, ich sei \u00e4lter geworden.<br \/>\nVon Zeit zu Zeit sehe ich das Kind von fr\u00fcher in mir und die Zeit ber\u00e4t mich anders.<br \/>\nUnsere Zeit ist noch nicht abgelaufen.<br \/>\nWann hast du Zeit? Zeitweise Zeit.<br \/>\nGedanken seien zeitraubend, wir sagen es, in Zeiten wie diesen.<br \/>\nDie Zeiten sind gestorben.<br \/>\nWann kommt die Zeit?<br \/>\nWenn du Zeit hast, kann ich deine Falten zwischen deinen Augenbrauen sehen?<br \/>\nDu gibst mir all die Zeit, um mich nicht vom Denken abzuhalten.<br \/>\nIch hasse die Zeit, in der du dir Zeit l\u00e4sst, viel Zeit f\u00fcr die wenige Zeit aufzubringen.<br \/>\nZeitliche Unterschiede machen die Unertr\u00e4glichkeit aus, so zeitlos aus.<br \/>\nVon Zeit zu Zeit, wenn ich Zeit habe, nehme ich mir die Zeit, mir einzugestehen,<br \/>\ndass Zeit sehr wohl eine Rolle spielt,<br \/>\ndenn die Zeiten sind vergangene, und es brechen neue \u201cGestundete Zeiten\u201d an,<br \/>\nund es wird Zeit f\u00fcr mich das Verlorene zu begraben und in rechter Zeit<br \/>\nden Augenblick zu k\u00fcssen, um gek\u00fcsst zur\u00fcckgelassen zu werden,<br \/>\ndem n\u00e4chsten Moment \u201cdie Hand k\u00fcssen\u201d, immer wieder die Hand fallen lassen,<br \/>\nauf die Uhr sehen, den Zeiger mit K\u00fcssen bewerfen,<br \/>\num im Uhrzeigersinn die Hand zu kreisen,um beim n\u00e4chsten Male von den Knien aufzustehen, nachdem der Boden mich gek\u00fcsst hat.<br \/>\nWenn die Zeit kommt ist die Sehnsucht nicht mehr so grob zu mir.<br \/>\nMeine Lippen werden von K\u00fcssen bedeckt, deren Speichel die ausgetrockneten Risse<br \/>\nam Lippenrand benetzen,<br \/>\nund die Zeit heilt alle Wunden,<br \/>\nund die Weichheit deiner Zunge rollt auf meiner.<br \/>\nGeschluckt habe ich viele K\u00fcsse. Schlucken werde ich keine K\u00fcsse mehr.<br \/>\nIch werde die Geschluckten auf meiner Zungenspitze immer wieder an die Lippen f\u00fchren,<br \/>\nich werde sie s\u00fcss oder sauer schmecken lassen,<br \/>\nich werde, wenn die Zeit es so will, sie mit L\u00f6schpapier bedecken.<br \/>\nIck werde meine Zunge ausstrecken, und sie mit deinem Atem schlucken.<br \/>\nWenn sie gelb wird, weiss ich \u00fcber dein Gift bescheid.<br \/>\nUnd die Zeit der Stille ist gekommen. Schweigend abwartend,<br \/>\nbis es sich in mir regt, so aufgeregt, dass meine Zunge \u201cMord\u201d an die Wand schreibt,<br \/>\nund \u201cVergebung\u201d,<br \/>\nund \u201c Ich bitte dich um verzeihung\u201d,<br \/>\nund \u201cZeig mir, was Liebe ist\u201d.<br \/>\nDie Erinnerung erregt mich, l\u00e4sst mich wie ein Hund aufsp\u00fcren, die Spur err\u00f6cheln.<br \/>\nKraftlos das Ziel erreicht, um der Erreichung willen, gewollt auf der Spur zu bleiben,<br \/>\nmit neuer Kraft geendet, auf\u2019s \u201cNeue Wiedersehen\u201d.<br \/>\nDie Spur im Sand verwischen, um auf\u2019s Neue zu stranden, aus dem Wasser gezogen,<br \/>\nFuss vor Fuss gesetzt, Ich setze Fuss, mit Fusstritten den Sand durchwirbeln,<br \/>\ntiefere Spuren setzen, um auf \u201cFreien Fuss\u201d gesetzt zu werden.<br \/>\nDie Spur, umsp\u00fclt mit Wasser, zielt im Treibsand seine n\u00e4chste.Abgetrieftes Wasser<br \/>\nund zum Sog bereit.<br \/>\nWie die kleine H\u00fcndin, mit Pfeffer in der Nase, auf die falsche Spur gelockt.<br \/>\nDer Wind trocknet die N\u00e4sse des Sandes, und jegliche Spur verweht sich,<br \/>\nes bewegt sich die grosse Welle der W\u00fcste, gleichm\u00e4ssig und vollkommen,<br \/>\ninmitten die Zeichen, die von Spuren leben<\/div>\n<div style=\"margin-left:10%; margin-right:10%; margin-top:3%;\">\n<span style=\"color: brown;\"><strong>Autumn Braun<\/strong><\/span><br \/>\nUnd die Erinnerung rollt wie eine Kugel gegen den Kastanienbaum.<br \/>\nKugel Kugel rot und du bist tot.<br \/>\nKugel Kugel schwarz, wie hei\u00dft dein geliebter Schatz?<br \/>\nDie Erinnerung f\u00e4llt wie die Kastanie vom Baum. Erinnerst du dich noch?<br \/>\nSie erinnert mich an die Schale, die manchmal das Kastanienbraun l\u00e4cheln l\u00e4sst.<br \/>\nIch habe mich k\u00fcssen lassen, mitten auf der Stra\u00dfe,<br \/>\nIhr habt es gesehen, und du kannst gehen.<br \/>\nEins, Zwei, Drei, Vier. Kugel Kugel rot und du bist tot.<br \/>\nEinmal ist kein Mal.<br \/>\nDie Erinnerung l\u00e4sst mich nicht los, l\u00e4sst mich im Schaum der Erinnerung baden.<br \/>\nGebadet war ich, ich liebe kalte Duschen,<br \/>\nich liebe auch hei\u00dfe Duschen.<br \/>\nZiehe dich aus und leg dich nur neben mich,<br \/>\nKugel Kugel rot und du bist tot.<br \/>\nWenn die Bl\u00e4tter fallen wird es blau im Zimmer.<br \/>\nIch z\u00e4hle schon die Gefallenen,<br \/>\nKugel Kugel schwarz, wie hei\u00dft dein geliebter Schatz?<br \/>\nDu hast dich k\u00fcssen lassen, mitten auf der Stra\u00dfe, und ich kann gehen.<br \/>\nZwei Mal ist fast drei Mal.<br \/>\nWenn die Kastanien bl\u00fchen, fahre ich nicht ins Land, wo die Kastanien bl\u00fchen.<br \/>\nUnd die Erinnerung rollt wie eine Kugel.<br \/>\nDas vorbei trabende Pferd bringt mir im Wind den Bl\u00fctengeruch.<br \/>\nUnd ich werde aufrecht gehen, und ich werde tief Atem holen,<br \/>\num den Geruch jeder einzelnen Bl\u00fcte aufzusaugen.<br \/>\nKugel Kugel rot und du bist tot.<br \/>\nUnd mir wird leicht schwindlig vor Lachen,<br \/>\ndie Bl\u00fcten bleiben gefangen auf meiner Zunge.<br \/>\nIch setze mich zwischen den gefallenen Bl\u00e4ttern,<br \/>\nz\u00e4hle die gelben, die roten und die rostbraunen,<br \/>\nbis mich unter Euch Allen die rostbraunen Kastanien anl\u00e4cheln,<br \/>\naber nur die, deren Schale vom Fall aufgesprungen sind.<br \/>\nDreimal Drei ist Neun, Vier mal Vier ist Sechzehn.<br \/>\nMit Siebzehn h\u00f6rt das Lachen nicht auf.<br \/>\nKugel Kugel schwarz, wie hei\u00dft dein geliebter Schatz?<br \/>\nKugel Kugel rot und du bist tot.<br \/>\nIch z\u00e4hle die B\u00e4ume, bis es passiert. Die Beiden waren kr\u00e4ftig und auf Weiber aus,<br \/>\nSie hatten vor, auf meine Jungfernschaft zu vergessen.<br \/>\nHeute ist der Sechsundzwanzigste und ich bin Siebenundzwanzig.<br \/>\nKugel Kugel rot und du bist tot,<br \/>\nbeinahe h\u00e4ttet Ihr mich todgeschlagen!<br \/>\nSex mal Sex macht aggressiv.<br \/>\nIch \u00f6ffne die Schalen jeder einzelnen Kastanie<br \/>\nund ich schlage sie Euch ins Gesicht, bis Ihr Euer Gesicht im Spiegel beglotzen m\u00fc\u00dft!<br \/>\nIch z\u00e4hle die Wunden. Zehn mal zehn macht hundert.<br \/>\nDie Erinnerung hat Geburtstag.<br \/>\nJedes Jahr esse ich ein St\u00fcck Kuchen,<br \/>\nden Kuchen f\u00fcr Neujahr, den Kuchen f\u00fcr das Alte Jahr.<br \/>\nUnd ich baue meinen Sandkuchen<\/div>\n<div style=\"margin-left:10%; margin-right:10%; margin-top:3%;\">\n<span style=\"color: #e3a857;\"><strong>Autumn Gelb<\/strong><\/span><br \/>\nImmer weiter auf die Uhr schauen.<br \/>\nIch trage keine Uhr, der Zeiger ist zu spitz.<br \/>\nZu jeder vollen Stunde,<br \/>\ndrehe ich mich im Kreis,<br \/>\nwenn die Stunde vorbei ist,<br \/>\ndrehe ich mich in die andere Richtung,<br \/>\num zur n\u00e4chsten vollen Stunde<br \/>\nwieder eingekreist zu werden.<br \/>\nDann wird mein Handgelenk so schwer.<br \/>\nManchmal,<br \/>\nwenn die Stunde zu schnell vergeht,<br \/>\nl\u00f6st sich die Hand in H\u00f6chstgeschwindigkeit vom Knochen<br \/>\nund kreist im Zimmer.<br \/>\nMein Zimmer ist ein gro\u00dfes Sonnenblumenfeld.<br \/>\nWenn du die T\u00fcr \u00f6ffnest, fliegen dir tausend Fr\u00f6sche in die Arme.<br \/>\nIch schlafe an der Wand, damit das Leintuch nicht zerknittert wird.<br \/>\nEs ist drei Uhr.<br \/>\nImmer,<br \/>\nwenn das Leintuch von der Decke auf die Sonnenblumen f\u00e4llt,<br \/>\nwach ich auf und mu\u00df zur Toilette.<br \/>\nEs ist drei Uhr.<br \/>\nEs wachsen ungef\u00e4hr achzig Sonnenblumen vor meinem Fenster,<br \/>\num drei Uhr, wenn ich m\u00fcde bin,<br \/>\nlehnen sie sich an sich.<br \/>\nIch gehe durch den Garten des Atriums.<br \/>\nIch finde den Weg zur Toilette, immer wenn es drei Uhr Morgens ist.<br \/>\nWas ist Heute f\u00fcr ein Tag?<br \/>\nFreitag.<br \/>\nAm Freitag steigt ein Mann bei mir im Fenster<br \/>\nRein und Raus,<br \/>\nRaus und Rein und Raus.<br \/>\nWas ist Heute f\u00fcr ein Tag?<br \/>\nMontag.<br \/>\nAm Montag steigt ein Mann bei mir im Fenster<br \/>\nRein und Raus,<br \/>\nRaus und Rein und Raus.<\/p>\n<\/div>\n","protected":false},"excerpt":{"rendered":"<p>Autumn Blau Wir haben Zeit. Ein Mal. Wenn es notwendig ist, zweimal im Jahr. Wir haben genug Zeit uns \u201cAuf Wiedersehen\u201d zu sagen. Wir nehmen die Zeit uns beide im Ratespiel zu schlagen. Die Zeit l\u00e4sst unsere K\u00fcsse fallen, nur das zeitliche Moment sichtet unsere Ber\u00fchrung. Ab einer gewissen Zeit hatte ich dein Alter erreicht, [&hellip;]<\/p>\n","protected":false},"author":1,"featured_media":0,"parent":0,"menu_order":0,"comment_status":"closed","ping_status":"closed","template":"","meta":{"ngg_post_thumbnail":0,"footnotes":""},"class_list":["post-7400","page","type-page","status-publish","hentry","entry"],"_links":{"self":[{"href":"https:\/\/www.mrplusfm.net\/index.php?rest_route=\/wp\/v2\/pages\/7400","targetHints":{"allow":["GET"]}}],"collection":[{"href":"https:\/\/www.mrplusfm.net\/index.php?rest_route=\/wp\/v2\/pages"}],"about":[{"href":"https:\/\/www.mrplusfm.net\/index.php?rest_route=\/wp\/v2\/types\/page"}],"author":[{"embeddable":true,"href":"https:\/\/www.mrplusfm.net\/index.php?rest_route=\/wp\/v2\/users\/1"}],"replies":[{"embeddable":true,"href":"https:\/\/www.mrplusfm.net\/index.php?rest_route=%2Fwp%2Fv2%2Fcomments&post=7400"}],"version-history":[{"count":0,"href":"https:\/\/www.mrplusfm.net\/index.php?rest_route=\/wp\/v2\/pages\/7400\/revisions"}],"wp:attachment":[{"href":"https:\/\/www.mrplusfm.net\/index.php?rest_route=%2Fwp%2Fv2%2Fmedia&parent=7400"}],"curies":[{"name":"wp","href":"https:\/\/api.w.org\/{rel}","templated":true}]}}